{"id":153,"date":"2014-01-15T21:46:23","date_gmt":"2014-01-15T20:46:23","guid":{"rendered":"http:\/\/web.aeroclub-abbeville.fr\/aeroclub\/?page_id=153"},"modified":"2025-04-20T14:42:25","modified_gmt":"2025-04-20T13:42:25","slug":"tarifs","status":"publish","type":"page","link":"http:\/\/aeroclub-abbeville.fr\/?page_id=153","title":{"rendered":"Tarifs ULM"},"content":{"rendered":"\n<p><\/p>\n\n\n\n<p>Outre la cotisation annuelle de 180 Euros commune aux adh\u00e9rents de l&rsquo; A\u00e9ro-Club, l&rsquo;heure de vol en ULM est de 108 \u20ac pour le Nynja et 126 \u20ac pour le CTSL<\/p>\n\n\n\n<p>Pour les \u00e9l\u00e8ves, l&rsquo;heure de vol en instruction co\u00fbte 126 \u20ac quelle que soit la machine.<\/p>\n\n\n\n<p>Il faut \u00e9galement pr\u00e9voir chaque ann\u00e9e la cotisation Licence\/Assurance \u00e0 la FFPLUM qui s&rsquo;\u00e9l\u00e8ve \u00e0 environ 80\u20ac.<\/p>\n\n\n\n<p><strong data-rich-text-format-boundary=\"true\">Des bapt\u00eames de l\u2019air<\/strong> (vols de d\u00e9couverte)\u202f sont possibles en ULM sous deux formules et pour 1 passager:<\/p>\n\n\n\n<ul class=\"wp-block-list\">\n<li>Baie de Somme 130\u20ac<\/li>\n\n\n\n<li>Baie de Somme et Falaises 150\u20ac<\/li>\n<\/ul>\n","protected":false},"excerpt":{"rendered":"<p>Outre la cotisation annuelle de 180 Euros commune aux adh\u00e9rents de l&rsquo; A\u00e9ro-Club, l&rsquo;heure de vol en ULM est de 108 \u20ac pour le Nynja et 126 \u20ac pour le CTSL Pour les \u00e9l\u00e8ves, l&rsquo;heure de vol en instruction co\u00fbte 126 \u20ac quelle que soit la machine. Il faut \u00e9galement pr\u00e9voir chaque ann\u00e9e la cotisation [&hellip;]<\/p>\n","protected":false},"author":211,"featured_media":0,"parent":0,"menu_order":0,"comment_status":"open","ping_status":"open","template":"","meta":{"inline_featured_image":false,"footnotes":""},"class_list":["post-153","page","type-page","status-publish","hentry"],"_links":{"self":[{"href":"http:\/\/aeroclub-abbeville.fr\/index.php?rest_route=\/wp\/v2\/pages\/153","targetHints":{"allow":["GET"]}}],"collection":[{"href":"http:\/\/aeroclub-abbeville.fr\/index.php?rest_route=\/wp\/v2\/pages"}],"about":[{"href":"http:\/\/aeroclub-abbeville.fr\/index.php?rest_route=\/wp\/v2\/types\/page"}],"author":[{"embeddable":true,"href":"http:\/\/aeroclub-abbeville.fr\/index.php?rest_route=\/wp\/v2\/users\/211"}],"replies":[{"embeddable":true,"href":"http:\/\/aeroclub-abbeville.fr\/index.php?rest_route=%2Fwp%2Fv2%2Fcomments&post=153"}],"version-history":[{"count":12,"href":"http:\/\/aeroclub-abbeville.fr\/index.php?rest_route=\/wp\/v2\/pages\/153\/revisions"}],"predecessor-version":[{"id":6306,"href":"http:\/\/aeroclub-abbeville.fr\/index.php?rest_route=\/wp\/v2\/pages\/153\/revisions\/6306"}],"wp:attachment":[{"href":"http:\/\/aeroclub-abbeville.fr\/index.php?rest_route=%2Fwp%2Fv2%2Fmedia&parent=153"}],"curies":[{"name":"wp","href":"https:\/\/api.w.org\/{rel}","templated":true}]}}