{"id":31,"date":"2014-01-07T21:59:26","date_gmt":"2014-01-07T20:59:26","guid":{"rendered":"http:\/\/web.aeroclub-abbeville.fr\/aeroclub\/?page_id=31"},"modified":"2025-09-23T16:49:06","modified_gmt":"2025-09-23T15:49:06","slug":"nous-contacter","status":"publish","type":"page","link":"http:\/\/aeroclub-abbeville.fr\/?page_id=31","title":{"rendered":"Nous contacter"},"content":{"rendered":"<h2><a id=\"adresses\" name=\"adresses\"><\/a>Adresses<\/h2>\n<div>\n<p>A\u00e9ro-Club d&rsquo;Abbeville<br \/>\nRN 1<br \/>\n80132 Buigny-Saint-Maclou<\/p>\n<p>\u00c9crivez au club : <a title=\"info@aeroclub-abbeville.fr\" href=\"mailto:info@aeroclub-abbeville.fr\">info@aeroclub-abbeville.fr<\/a><\/p>\n<p>\u00c9crivez au vol \u00e0 voile : <a title=\"info@planeur-abbeville.fr\" href=\"mailto:info@planeur-abbeville.fr\">info@planeur-abbeville.fr<\/a><\/p>\n<p>Bapt\u00eames vol \u00e0 voile : contactez Thibault Dugardin au 06 77 61 06 16<br \/>\nou Fran\u00e7ois Duvollet au 06 81 90 80 63<\/p>\n<p>\u00c9crivez au vol avion : <a href=\"mailto:avion@aeroclub-abbeville.fr\">avion@aeroclub-abbeville.fr<\/a><\/p>\n<p>Bapt\u00eames vol avion : contactez Daniel Tellier au 06 12 01 37 22<br \/>\nou Nicolas Bleuse au 07 69 23 43 21<\/p>\n<p>\u00c9crivez au vol ULM : <a href=\"mailto:ulm@aeroclub-abbeville.fr\">ulm@aeroclub-abbeville.fr<\/a><\/p>\n<p>Bapt\u00eames ULM : contactez Guillaume Montois au 06 81 20 20 69<\/p>\n<\/div>\n<p>Pour en savoir plus sur les bapt\u00eames r\u00e9alis\u00e9s par notre a\u00e9ro-club (avion, ULM multiaxe, planeur) ou d&rsquo;autres structures (ULM pendulaire, paramoteur, autogire, etc.), cliquez sur <a href=\"http:\/\/aeroclub-abbeville.fr\/?page_id=5087\"><strong>ce lien<\/strong><\/a> SVP.<\/p>\n<p>&nbsp;<\/p>\n<p>Pilotes de passage, pour contacter le gestionnaire de l&rsquo;a\u00e9rodrome d&rsquo;Abbeville (LFOI),<br \/>\nveuillez t\u00e9l\u00e9phoner au 06 62 11 09 27 ou envoyer un e-mail \u00e0 <a href=\"mailto:jmonvoisin1@bbox.fr\">jmonvoisin1@bbox.fr<\/a><\/p>\n<p>Si vous souhaitez r\u00e9server un repas et\/ou une chambre au motel-restaurant :<br \/>\n<a href=\"https:\/\/www.laerodrome.com\/\">https:\/\/www.laerodrome.com\/<\/a><\/p>\n<p>&nbsp;<\/p>\n<h2><a id=\"plan_d_acces\" name=\"plan_d_acces\"><\/a>Plan d&rsquo;acc\u00e8s<\/h2>\n<p><iframe src=\"http:\/\/maps.google.com\/maps?f=q&amp;hl=fr&amp;geocode=&amp;q=A%C3%A9rodrome+Abbeville&amp;mrt=yp&amp;sll=45.336702,23.90625&amp;sspn=74.612781,111.269531&amp;ie=UTF8&amp;ll=50.181075,1.850166&amp;spn=0.146201,0.278091&amp;output=embed\" width=\"425\" height=\"350\" frameborder=\"0\" marginwidth=\"0\" marginheight=\"0\" scrolling=\"no\"><\/iframe><br \/>\n<small><a style=\"color: #0000ff; text-align: left;\" href=\"http:\/\/maps.google.com\/maps?f=q&amp;hl=fr&amp;geocode=&amp;q=A%C3%A9rodrome+Abbeville&amp;mrt=yp&amp;sll=45.336702,23.90625&amp;sspn=74.612781,111.269531&amp;ie=UTF8&amp;ll=50.181075,1.850166&amp;spn=0.146201,0.278091&amp;source=embed\">Agrandir le plan<\/a><\/small><\/p>\n","protected":false},"excerpt":{"rendered":"<p>Adresses A\u00e9ro-Club d&rsquo;Abbeville RN 1 80132 Buigny-Saint-Maclou \u00c9crivez au club : info@aeroclub-abbeville.fr \u00c9crivez au vol \u00e0 voile : info@planeur-abbeville.fr Bapt\u00eames vol \u00e0 voile : contactez Thibault Dugardin au 06 77 61 06 16 ou Fran\u00e7ois Duvollet au 06 81 90 80 63 \u00c9crivez au vol avion : avion@aeroclub-abbeville.fr Bapt\u00eames vol avion : contactez Daniel Tellier [&hellip;]<\/p>\n","protected":false},"author":67,"featured_media":0,"parent":0,"menu_order":0,"comment_status":"open","ping_status":"open","template":"","meta":{"inline_featured_image":false,"footnotes":""},"class_list":["post-31","page","type-page","status-publish","hentry"],"_links":{"self":[{"href":"http:\/\/aeroclub-abbeville.fr\/index.php?rest_route=\/wp\/v2\/pages\/31","targetHints":{"allow":["GET"]}}],"collection":[{"href":"http:\/\/aeroclub-abbeville.fr\/index.php?rest_route=\/wp\/v2\/pages"}],"about":[{"href":"http:\/\/aeroclub-abbeville.fr\/index.php?rest_route=\/wp\/v2\/types\/page"}],"author":[{"embeddable":true,"href":"http:\/\/aeroclub-abbeville.fr\/index.php?rest_route=\/wp\/v2\/users\/67"}],"replies":[{"embeddable":true,"href":"http:\/\/aeroclub-abbeville.fr\/index.php?rest_route=%2Fwp%2Fv2%2Fcomments&post=31"}],"version-history":[{"count":20,"href":"http:\/\/aeroclub-abbeville.fr\/index.php?rest_route=\/wp\/v2\/pages\/31\/revisions"}],"predecessor-version":[{"id":6652,"href":"http:\/\/aeroclub-abbeville.fr\/index.php?rest_route=\/wp\/v2\/pages\/31\/revisions\/6652"}],"wp:attachment":[{"href":"http:\/\/aeroclub-abbeville.fr\/index.php?rest_route=%2Fwp%2Fv2%2Fmedia&parent=31"}],"curies":[{"name":"wp","href":"https:\/\/api.w.org\/{rel}","templated":true}]}}