{"id":4,"date":"2014-01-31T15:17:11","date_gmt":"2014-01-31T14:17:11","guid":{"rendered":"http:\/\/aeroclub-abbeville.fr\/?page_id=4"},"modified":"2014-02-06T13:17:47","modified_gmt":"2014-02-06T12:17:47","slug":"login","status":"publish","type":"page","link":"http:\/\/aeroclub-abbeville.fr\/?page_id=4","title":{"rendered":"Se connecter"},"content":{"rendered":"<p>Cette page permet de se connecter sur le site WEB. Seuls les membres du club qui se sont inscrits sur le site peuvent se connecter.<\/p>\n<p>Si vous \u00eates membre du club et pas encore inscrit, faites-le, vous aurez acc\u00e8s au contenu r\u00e9serv\u00e9.<\/p>\n<div class=\"tml tml-login\">\n<div class=\"tml-alerts\"><\/div><form name=\"login\" action=\"http:\/\/aeroclub-abbeville.fr\/?action=login\" method=\"post\">\n<div class=\"tml-field-wrap tml-log-wrap\">\n<label class=\"tml-label\" for=\"user_login\">Identifiant ou adresse e-mail<\/label>\n<input name=\"log\" type=\"text\" value=\"\" id=\"user_login\" autocapitalize=\"off\" class=\"tml-field\">\n<\/div>\n\n<div class=\"tml-field-wrap tml-pwd-wrap\">\n<label class=\"tml-label\" for=\"user_pass\">Mot de passe<\/label>\n<input name=\"pwd\" type=\"password\" value=\"\" id=\"user_pass\" class=\"tml-field\">\n<\/div>\n\n\n<div class=\"tml-field-wrap tml-rememberme-wrap\">\n<input name=\"rememberme\" type=\"checkbox\" value=\"forever\" id=\"rememberme\" class=\"tml-checkbox\">\n<label class=\"tml-label\" for=\"rememberme\">Se souvenir de moi<\/label>\n<\/div>\n\n<div class=\"tml-field-wrap tml-submit-wrap\">\n<button name=\"submit\" type=\"submit\" class=\"tml-button\">Se connecter<\/button>\n<\/div>\n\n<input name=\"redirect_to\" type=\"hidden\" value=\"http:\/\/aeroclub-abbeville.fr\/wp-admin\/\">\n\n<\/form>\n<ul class=\"tml-links\"><li class=\"tml-lostpassword-link\"><a href=\"http:\/\/aeroclub-abbeville.fr\/?action=lostpassword\">Mot de passe oubli\u00e9\u00a0?<\/a><\/li><\/ul><\/div>\n\n","protected":false},"excerpt":{"rendered":"<p>Cette page permet de se connecter sur le site WEB. Seuls les membres du club qui se sont inscrits sur le site peuvent se connecter. Si vous \u00eates membre du club et pas encore inscrit, faites-le, vous aurez acc\u00e8s au contenu r\u00e9serv\u00e9.<\/p>\n","protected":false},"author":67,"featured_media":0,"parent":0,"menu_order":0,"comment_status":"closed","ping_status":"closed","template":"","meta":{"inline_featured_image":false,"footnotes":""},"class_list":["post-4","page","type-page","status-publish","hentry"],"_links":{"self":[{"href":"http:\/\/aeroclub-abbeville.fr\/index.php?rest_route=\/wp\/v2\/pages\/4","targetHints":{"allow":["GET"]}}],"collection":[{"href":"http:\/\/aeroclub-abbeville.fr\/index.php?rest_route=\/wp\/v2\/pages"}],"about":[{"href":"http:\/\/aeroclub-abbeville.fr\/index.php?rest_route=\/wp\/v2\/types\/page"}],"author":[{"embeddable":true,"href":"http:\/\/aeroclub-abbeville.fr\/index.php?rest_route=\/wp\/v2\/users\/67"}],"replies":[{"embeddable":true,"href":"http:\/\/aeroclub-abbeville.fr\/index.php?rest_route=%2Fwp%2Fv2%2Fcomments&post=4"}],"version-history":[{"count":2,"href":"http:\/\/aeroclub-abbeville.fr\/index.php?rest_route=\/wp\/v2\/pages\/4\/revisions"}],"predecessor-version":[{"id":446,"href":"http:\/\/aeroclub-abbeville.fr\/index.php?rest_route=\/wp\/v2\/pages\/4\/revisions\/446"}],"wp:attachment":[{"href":"http:\/\/aeroclub-abbeville.fr\/index.php?rest_route=%2Fwp%2Fv2%2Fmedia&parent=4"}],"curies":[{"name":"wp","href":"https:\/\/api.w.org\/{rel}","templated":true}]}}