{"id":45,"date":"2014-01-07T22:27:02","date_gmt":"2014-01-07T21:27:02","guid":{"rendered":"http:\/\/web.aeroclub-abbeville.fr\/aeroclub\/?page_id=45"},"modified":"2026-03-31T13:46:51","modified_gmt":"2026-03-31T12:46:51","slug":"cours-bia","status":"publish","type":"page","link":"http:\/\/aeroclub-abbeville.fr\/?page_id=45","title":{"rendered":"Anglais BIA"},"content":{"rendered":"<h2>Anglais A\u00e9ronautique<\/h2>\n<p>Il est conseill\u00e9 d&rsquo;\u00e9tudier le vocabulaire avant chaque session. <a href=\"http:\/\/aeroclub-abbeville.fr\/wp-content\/uploads\/2020\/10\/vocabulaire_a_etudier.pdf\">Le vocabulaire \u00e0 apprendre.<\/a><\/p>\n<p>Lors de la troisi\u00e8me s\u00e9ance, on \u00e9tudie en d\u00e9tail la vid\u00e9o suivante r\u00e9alis\u00e9 par un instructeur am\u00e9ricain (phras\u00e9ologie, trajectoire, communication). VOus trouverez ici le texte des communications et la vid\u00e9o.<\/p>\n<p><a href=\"http:\/\/aeroclub-abbeville.fr\/wp-content\/uploads\/2020\/10\/Deer_Valley.pdf\">Communication Radio VFR en Arizona<\/a><\/p>\n<p><a href=\"https:\/\/www.youtube.com\/watch?v=zBWVfz6GEgk\">ATC Communications and Radio Basics | Talking to Air Traffic Control 1 (vid\u00e9o)<\/a><\/p>\n<p>La page annales contient plusieurs annales de l&rsquo;\u00e9preuve d&rsquo;Anglais du BIA ainsi qu&rsquo;un lien vers la f\u00e9d\u00e9ration de vol en planeur ou vous pouvez trouver d&rsquo;autres ressources et exercises.<\/p>\n<p>Support de cours : <a href=\"http:\/\/aeroclub-abbeville.fr\/wp-content\/uploads\/2026\/03\/BIA_English-2024.pptx\">BIA_English &#8211; 2024<\/a><\/p>\n\n","protected":false},"excerpt":{"rendered":"<p>Anglais A\u00e9ronautique Il est conseill\u00e9 d&rsquo;\u00e9tudier le vocabulaire avant chaque session. Le vocabulaire \u00e0 apprendre. Lors de la troisi\u00e8me s\u00e9ance, on \u00e9tudie en d\u00e9tail la vid\u00e9o suivante r\u00e9alis\u00e9 par un instructeur am\u00e9ricain (phras\u00e9ologie, trajectoire, communication). VOus trouverez ici le texte des communications et la vid\u00e9o. Communication Radio VFR en Arizona ATC Communications and Radio Basics [&hellip;]<\/p>\n","protected":false},"author":67,"featured_media":0,"parent":0,"menu_order":0,"comment_status":"open","ping_status":"open","template":"","meta":{"inline_featured_image":false,"footnotes":""},"class_list":["post-45","page","type-page","status-publish","hentry"],"_links":{"self":[{"href":"http:\/\/aeroclub-abbeville.fr\/index.php?rest_route=\/wp\/v2\/pages\/45","targetHints":{"allow":["GET"]}}],"collection":[{"href":"http:\/\/aeroclub-abbeville.fr\/index.php?rest_route=\/wp\/v2\/pages"}],"about":[{"href":"http:\/\/aeroclub-abbeville.fr\/index.php?rest_route=\/wp\/v2\/types\/page"}],"author":[{"embeddable":true,"href":"http:\/\/aeroclub-abbeville.fr\/index.php?rest_route=\/wp\/v2\/users\/67"}],"replies":[{"embeddable":true,"href":"http:\/\/aeroclub-abbeville.fr\/index.php?rest_route=%2Fwp%2Fv2%2Fcomments&post=45"}],"version-history":[{"count":8,"href":"http:\/\/aeroclub-abbeville.fr\/index.php?rest_route=\/wp\/v2\/pages\/45\/revisions"}],"predecessor-version":[{"id":7059,"href":"http:\/\/aeroclub-abbeville.fr\/index.php?rest_route=\/wp\/v2\/pages\/45\/revisions\/7059"}],"wp:attachment":[{"href":"http:\/\/aeroclub-abbeville.fr\/index.php?rest_route=%2Fwp%2Fv2%2Fmedia&parent=45"}],"curies":[{"name":"wp","href":"https:\/\/api.w.org\/{rel}","templated":true}]}}