{"id":58,"date":"2014-01-07T22:35:33","date_gmt":"2014-01-07T21:35:33","guid":{"rendered":"http:\/\/web.aeroclub-abbeville.fr\/aeroclub\/?page_id=58"},"modified":"2014-01-07T22:35:33","modified_gmt":"2014-01-07T21:35:33","slug":"brevet-de-base-avion","status":"publish","type":"page","link":"http:\/\/aeroclub-abbeville.fr\/?page_id=58","title":{"rendered":"Brevet de base avion"},"content":{"rendered":"<h3><a id=\"conditions_d_obtention\" name=\"conditions_d_obtention\"><\/a>Conditions d&rsquo;obtention<\/h3>\n<div>\n<ul>\n<li>\n<div>aptitude m\u00e9dicale<\/div>\n<\/li>\n<li>\n<div>Avoir au moins 15 ans le jour de l&rsquo;examen pratique<\/div>\n<\/li>\n<li>\n<div>10 heures de vol (dont 4 heures et 20 atterrissages en solo) ou 3 heures de double commande pour un pilote de planeur<\/div>\n<\/li>\n<li>\n<div>Examen th\u00e9orique<\/div>\n<\/li>\n<li>\n<div>Test en vol<\/div>\n<\/li>\n<\/ul>\n<\/div>\n<h3><a id=\"privileges\" name=\"privileges\"><\/a>Privil\u00e8ges<\/h3>\n<div>\n<ul>\n<li>\n<div>piloter (sans r\u00e9mun\u00e9ration) un avion ou un avion-planeur du type de celui ayant servi \u00e0 la formation seul \u00e0 bord dans un rayon de 30 km autour du terrain et hors des espaces contr\u00f4l\u00e9s et r\u00e8glement\u00e9s.<\/div>\n<\/li>\n<\/ul>\n<ul>\n<li>\n<div>autorisations additionnelles possibles.<\/div>\n<\/li>\n<\/ul>\n<p><a title=\"fgsrp.jpg\" href=\"http:\/\/www.aeroclub-abbeville.fr\/lib\/exe\/detail.php\/fgsrp.jpg?id=formation%3Abrevet_de_base_avion\"><img decoding=\"async\" alt=\"\" src=\"http:\/\/www.aeroclub-abbeville.fr\/lib\/exe\/fetch.php\/fgsrp.jpg\" \/><\/a><\/p>\n<\/div>\n<div><\/div>\n","protected":false},"excerpt":{"rendered":"<p>Conditions d&rsquo;obtention aptitude m\u00e9dicale Avoir au moins 15 ans le jour de l&rsquo;examen pratique 10 heures de vol (dont 4 heures et 20 atterrissages en solo) ou 3 heures de double commande pour un pilote de planeur Examen th\u00e9orique Test en vol Privil\u00e8ges piloter (sans r\u00e9mun\u00e9ration) un avion ou un avion-planeur du type de celui [&hellip;]<\/p>\n","protected":false},"author":67,"featured_media":0,"parent":0,"menu_order":0,"comment_status":"open","ping_status":"open","template":"","meta":{"inline_featured_image":false,"footnotes":""},"class_list":["post-58","page","type-page","status-publish","hentry"],"_links":{"self":[{"href":"http:\/\/aeroclub-abbeville.fr\/index.php?rest_route=\/wp\/v2\/pages\/58","targetHints":{"allow":["GET"]}}],"collection":[{"href":"http:\/\/aeroclub-abbeville.fr\/index.php?rest_route=\/wp\/v2\/pages"}],"about":[{"href":"http:\/\/aeroclub-abbeville.fr\/index.php?rest_route=\/wp\/v2\/types\/page"}],"author":[{"embeddable":true,"href":"http:\/\/aeroclub-abbeville.fr\/index.php?rest_route=\/wp\/v2\/users\/67"}],"replies":[{"embeddable":true,"href":"http:\/\/aeroclub-abbeville.fr\/index.php?rest_route=%2Fwp%2Fv2%2Fcomments&post=58"}],"version-history":[{"count":0,"href":"http:\/\/aeroclub-abbeville.fr\/index.php?rest_route=\/wp\/v2\/pages\/58\/revisions"}],"wp:attachment":[{"href":"http:\/\/aeroclub-abbeville.fr\/index.php?rest_route=%2Fwp%2Fv2%2Fmedia&parent=58"}],"curies":[{"name":"wp","href":"https:\/\/api.w.org\/{rel}","templated":true}]}}