{"id":655,"date":"2014-04-28T09:44:29","date_gmt":"2014-04-28T08:44:29","guid":{"rendered":"http:\/\/aeroclub-abbeville.fr\/?page_id=655"},"modified":"2021-07-25T06:56:20","modified_gmt":"2021-07-25T05:56:20","slug":"adhesion","status":"publish","type":"page","link":"http:\/\/aeroclub-abbeville.fr\/?page_id=655","title":{"rendered":"ADHESION"},"content":{"rendered":"<h1>PROCEDURE D\u2019ADHESION ET TARIFS 2021<\/h1>\n<h2>Remplir<\/h2>\n<p>Un bulletin d\u2019adh\u00e9sion (voir document imprimable en bas de page)<\/p>\n<h2>Fournir<\/h2>\n<ul>\n<li>2 photos d\u2019identit\u00e9 avec nom et pr\u00e9nom au verso (dont 1 \u00e0 coller sur le bulletin d\u2019adh\u00e9sion)<\/li>\n<li>1 photocopie d\u2019une pi\u00e8ce d\u2019identit\u00e9<\/li>\n<li>1 certificat m\u00e9dical :<\/li>\n<\/ul>\n<p>pour l\u2019ULM, le certificat est \u00e9tabli par un m\u00e9decin g\u00e9n\u00e9raliste<br \/>\npour l\u2019avion ou le planeur, le certificat est \u00e9tabli par un m\u00e9decin agr\u00e9\u00e9 D.G.A.C. (Direction G\u00e9n\u00e9rale de l\u2019Aviation Civile)<\/p>\n<h2>On vous remettra<\/h2>\n<ul>\n<li>1 exemplaire des statuts de l\u2019A\u00e9roclub<\/li>\n<li>1 autocollant<\/li>\n<\/ul>\n<h2>Tarifs 2021<\/h2>\n<p><strong>Cotisation annuelle<\/strong> : 180 euros (100 euros pour les moins de 25 ans et pour les adh\u00e9rents non licenci\u00e9s, \u00bc de tarif pour les pilotes de passage)<br \/>\nPour les familles :<\/p>\n<ul>\n<li>le premier membre (le plus \u00e2g\u00e9) paie le tarif entier<\/li>\n<li>2\u00e8me membre : 140 euros<\/li>\n<li>3\u00e8me membre : 100 euros<\/li>\n<li>4\u00e8me membre : 60 euros<\/li>\n<li>5\u00e8me membre : 20 euros<\/li>\n<\/ul>\n<p><strong>Licence\/assurance f\u00e9d\u00e9rale<\/strong> :<br \/>\nElle est obligatoire pour pratiquer l\u2019une des trois activit\u00e9s propos\u00e9es.<\/p>\n<ul>\n<li>Formules de base (d\u2019autres formules sont possibles ; voir sur place) :<\/li>\n<li>Avion : F\u00e9d\u00e9ration Fran\u00e7aise A\u00e9ronautique (FFA) : 118 \u20ac (avec l&rsquo;abonnement \u00e0 InfoPilote) ou 76 \u20ac (sans l&rsquo;abonnement).<\/li>\n<li>Planeur : F\u00e9d\u00e9ration Fran\u00e7aise de Vol \u00e0 Voile (FFVV) environ 80,90 \u20ac (-25 ans) 180 euros (+25 ans)<\/li>\n<li>ULM : F\u00e9d\u00e9ration Fran\u00e7aise d\u2019Ultra L\u00e9ger Motoris\u00e9 (FFPLUM) environ 76 \u20ac<\/li>\n<\/ul>\n<p><strong> Heures de vol<\/strong> :<br \/>\nAvion<\/p>\n<p>Voir la page <a href=\"http:\/\/aeroclub-abbeville.fr\/?page_id=56\">Tarif avion<\/a><\/p>\n<p>Vol \u00e0 voile<\/p>\n<p>Voir la page <a href=\"http:\/\/aeroclub-abbeville.fr\/?page_id=72\">Tarif planeur<\/a><\/p>\n<p>ULM<\/p>\n<p>Voir la page <a href=\"http:\/\/aeroclub-abbeville.fr\/?page_id=153\">Tarif ULM<\/a><\/p>\n<p><strong>Fournitures<\/strong> (tarifs soumis \u00e0 variations):<\/p>\n<ul>\n<li>Carnet de vol (avion, planeur, ULM) 17 \u20ac<\/li>\n<li>Manuel de vol avion 92 \u20ac<\/li>\n<li>Manuel de vol planeur 37 \u20ac<\/li>\n<li>Carte OACI au 1\/500000 23 \u20ac<\/li>\n<li>Rapporteur 8 \u20ac<\/li>\n<li>Insigne de boutonni\u00e8re 5 \u20ac<\/li>\n<li>Bonnette micro (pour votre hygi\u00e8ne) 6 \u20ac<\/li>\n<li>Badge magn\u00e9tique pour l\u2019acc\u00e8s au club 10 \u20ac<\/li>\n<\/ul>\n<p>Cliquez sur le bulletin pour le t\u00e9l\u00e9charger au format PDF afin de l&rsquo;imprimer.<\/p>\n<p><a href=\"http:\/\/aeroclub-abbeville.fr\/wp-content\/uploads\/2014\/04\/adhesion.pdf\"><img fetchpriority=\"high\" decoding=\"async\" class=\"size-full wp-image-657 aligncenter\" src=\"http:\/\/aeroclub-abbeville.fr\/wp-content\/uploads\/2014\/04\/adhesion.jpg\" alt=\"adhesion\" width=\"535\" height=\"760\" \/><\/a><\/p>\n","protected":false},"excerpt":{"rendered":"<p>PROCEDURE D\u2019ADHESION ET TARIFS 2021 Remplir Un bulletin d\u2019adh\u00e9sion (voir document imprimable en bas de page) Fournir 2 photos d\u2019identit\u00e9 avec nom et pr\u00e9nom au verso (dont 1 \u00e0 coller sur le bulletin d\u2019adh\u00e9sion) 1 photocopie d\u2019une pi\u00e8ce d\u2019identit\u00e9 1 certificat m\u00e9dical : pour l\u2019ULM, le certificat est \u00e9tabli par un m\u00e9decin g\u00e9n\u00e9raliste pour l\u2019avion [&hellip;]<\/p>\n","protected":false},"author":20,"featured_media":0,"parent":0,"menu_order":0,"comment_status":"open","ping_status":"open","template":"","meta":{"inline_featured_image":false,"footnotes":""},"class_list":["post-655","page","type-page","status-publish","hentry"],"_links":{"self":[{"href":"http:\/\/aeroclub-abbeville.fr\/index.php?rest_route=\/wp\/v2\/pages\/655","targetHints":{"allow":["GET"]}}],"collection":[{"href":"http:\/\/aeroclub-abbeville.fr\/index.php?rest_route=\/wp\/v2\/pages"}],"about":[{"href":"http:\/\/aeroclub-abbeville.fr\/index.php?rest_route=\/wp\/v2\/types\/page"}],"author":[{"embeddable":true,"href":"http:\/\/aeroclub-abbeville.fr\/index.php?rest_route=\/wp\/v2\/users\/20"}],"replies":[{"embeddable":true,"href":"http:\/\/aeroclub-abbeville.fr\/index.php?rest_route=%2Fwp%2Fv2%2Fcomments&post=655"}],"version-history":[{"count":13,"href":"http:\/\/aeroclub-abbeville.fr\/index.php?rest_route=\/wp\/v2\/pages\/655\/revisions"}],"predecessor-version":[{"id":4771,"href":"http:\/\/aeroclub-abbeville.fr\/index.php?rest_route=\/wp\/v2\/pages\/655\/revisions\/4771"}],"wp:attachment":[{"href":"http:\/\/aeroclub-abbeville.fr\/index.php?rest_route=%2Fwp%2Fv2%2Fmedia&parent=655"}],"curies":[{"name":"wp","href":"https:\/\/api.w.org\/{rel}","templated":true}]}}