{"id":80,"date":"2014-01-07T23:04:51","date_gmt":"2014-01-07T22:04:51","guid":{"rendered":"http:\/\/web.aeroclub-abbeville.fr\/aeroclub\/?page_id=80"},"modified":"2014-02-21T15:53:12","modified_gmt":"2014-02-21T14:53:12","slug":"vol-sur-la-campagne","status":"publish","type":"page","link":"http:\/\/aeroclub-abbeville.fr\/?page_id=80","title":{"rendered":"Vol sur la Campagne"},"content":{"rendered":"<p><a href=\"http:\/\/aeroclub-abbeville.fr\/wp-content\/uploads\/2014\/01\/campage_planeur.jpg\"><img fetchpriority=\"high\" decoding=\"async\" class=\"size-full wp-image-517 aligncenter\" alt=\"campage_planeur\" src=\"http:\/\/aeroclub-abbeville.fr\/wp-content\/uploads\/2014\/01\/campage_planeur.jpg\" width=\"320\" height=\"190\" \/><\/a><\/p>\n<h3><a id=\"conditions_d_obtention\" name=\"conditions_d_obtention\"><\/a>Conditions d&rsquo;obtention<\/h3>\n<div>\n<ul>\n<li>\n<div>5 heures d&rsquo;instruction sp\u00e9cifiques<\/div>\n<\/li>\n<\/ul>\n<ul>\n<li>\n<div>un vol de plus de 100 km avec un instructeur ou de 50 km en solo<\/div>\n<\/li>\n<\/ul>\n<\/div>\n<h3><a id=\"privileges\" name=\"privileges\"><\/a>Privil\u00e8ges<\/h3>\n<div>\n<ul>\n<li>\n<div>Voler sur la campagne en tant que commandant de bord.<\/div>\n<\/li>\n<li>\n<div>Participer aux comp\u00e9titions<\/div>\n<\/li>\n<\/ul>\n<p><a title=\"asw20_campagne.jpg\" href=\"http:\/\/www.aeroclub-abbeville.fr\/lib\/exe\/detail.php\/asw20_campagne.jpg?id=formation%3Avol_sur_la_campagne\"><img decoding=\"async\" alt=\"\" src=\"http:\/\/www.aeroclub-abbeville.fr\/lib\/exe\/fetch.php\/asw20_campagne.jpg\" \/><\/a><\/p>\n<\/div>\n<div><\/div>\n","protected":false},"excerpt":{"rendered":"<p>Conditions d&rsquo;obtention 5 heures d&rsquo;instruction sp\u00e9cifiques un vol de plus de 100 km avec un instructeur ou de 50 km en solo Privil\u00e8ges Voler sur la campagne en tant que commandant de bord. Participer aux comp\u00e9titions<\/p>\n","protected":false},"author":67,"featured_media":0,"parent":0,"menu_order":0,"comment_status":"open","ping_status":"open","template":"","meta":{"inline_featured_image":false,"footnotes":""},"class_list":["post-80","page","type-page","status-publish","hentry"],"_links":{"self":[{"href":"http:\/\/aeroclub-abbeville.fr\/index.php?rest_route=\/wp\/v2\/pages\/80","targetHints":{"allow":["GET"]}}],"collection":[{"href":"http:\/\/aeroclub-abbeville.fr\/index.php?rest_route=\/wp\/v2\/pages"}],"about":[{"href":"http:\/\/aeroclub-abbeville.fr\/index.php?rest_route=\/wp\/v2\/types\/page"}],"author":[{"embeddable":true,"href":"http:\/\/aeroclub-abbeville.fr\/index.php?rest_route=\/wp\/v2\/users\/67"}],"replies":[{"embeddable":true,"href":"http:\/\/aeroclub-abbeville.fr\/index.php?rest_route=%2Fwp%2Fv2%2Fcomments&post=80"}],"version-history":[{"count":3,"href":"http:\/\/aeroclub-abbeville.fr\/index.php?rest_route=\/wp\/v2\/pages\/80\/revisions"}],"predecessor-version":[{"id":520,"href":"http:\/\/aeroclub-abbeville.fr\/index.php?rest_route=\/wp\/v2\/pages\/80\/revisions\/520"}],"wp:attachment":[{"href":"http:\/\/aeroclub-abbeville.fr\/index.php?rest_route=%2Fwp%2Fv2%2Fmedia&parent=80"}],"curies":[{"name":"wp","href":"https:\/\/api.w.org\/{rel}","templated":true}]}}